{"id":689,"date":"2023-01-10T21:16:11","date_gmt":"2023-01-10T20:16:11","guid":{"rendered":"https:\/\/zerraticdesign.com\/o-nas\/"},"modified":"2023-01-24T10:02:03","modified_gmt":"2023-01-24T09:02:03","slug":"uber-uns","status":"publish","type":"page","link":"https:\/\/zerraticdesign.com\/de\/uber-uns\/","title":{"rendered":"\u00dcBER UNS"},"content":{"rendered":"\t\t<div data-elementor-type=\"wp-page\" data-elementor-id=\"689\" class=\"elementor elementor-689 elementor-412\">\n\t\t\t\t<div class=\"elementor-element elementor-element-34b59971 e-con-full e-flex e-con e-parent\" data-id=\"34b59971\" data-element_type=\"container\" data-e-type=\"container\" data-settings=\"{&quot;background_background&quot;:&quot;classic&quot;}\">\n\t\t<div class=\"elementor-element elementor-element-dab4e1a e-flex e-con-boxed e-con e-parent\" data-id=\"dab4e1a\" data-element_type=\"container\" data-e-type=\"container\">\n\t\t\t\t\t<div class=\"e-con-inner\">\n\t\t\t\t<div class=\"elementor-element elementor-element-7595a118 elementor-widget elementor-widget-heading\" data-id=\"7595a118\" data-element_type=\"widget\" data-e-type=\"widget\" data-widget_type=\"heading.default\">\n\t\t\t\t<div class=\"elementor-widget-container\">\n\t\t\t\t\t<h2 class=\"elementor-heading-title elementor-size-default\">\u00dcBER UNS<\/h2>\t\t\t\t<\/div>\n\t\t\t\t<\/div>\n\t\t\t\t\t<\/div>\n\t\t\t\t<\/div>\n\t\t\t\t<\/div>\n\t\t<div class=\"elementor-element elementor-element-1fea77c1 e-flex e-con-boxed e-con e-parent\" data-id=\"1fea77c1\" data-element_type=\"container\" data-e-type=\"container\">\n\t\t\t\t\t<div class=\"e-con-inner\">\n\t\t<div class=\"elementor-element elementor-element-7ea6ec64 e-con-full e-flex e-con e-parent\" data-id=\"7ea6ec64\" data-element_type=\"container\" data-e-type=\"container\" data-settings=\"{&quot;background_background&quot;:&quot;classic&quot;}\">\n\t\t\t\t<div class=\"elementor-element elementor-element-410ec6f elementor-widget elementor-widget-text-editor\" data-id=\"410ec6f\" data-element_type=\"widget\" data-e-type=\"widget\" data-widget_type=\"text-editor.default\">\n\t\t\t\t<div class=\"elementor-widget-container\">\n\t\t\t\t\t\t\t\t\t<p>Wir bieten einen umfassenden Designprozess, sowohl von privaten als auch von gesch\u00e4ftlichen Einrichtungen. Dabei bieten wir unseren Kunden Unterst\u00fctzung und Beratung.<br \/>Wir arbeiten mit externen Auftragnehmern zusammen und bringen sehr gern und mit Stolz slowenische sowie ausl\u00e4ndische Designprodukte in die Raumgestaltung ein.<\/p><p>ZEDesign ist ein auf Innenarchitektur spezialisiertes Designstudio<\/p>\t\t\t\t\t\t\t\t<\/div>\n\t\t\t\t<\/div>\n\t\t<div class=\"elementor-element elementor-element-71fc119c e-flex e-con-boxed e-con e-parent\" data-id=\"71fc119c\" data-element_type=\"container\" data-e-type=\"container\">\n\t\t\t\t\t<div class=\"e-con-inner\">\n\t\t\t\t<div class=\"elementor-element elementor-element-62eb45fd elementor-widget elementor-widget-image\" data-id=\"62eb45fd\" data-element_type=\"widget\" data-e-type=\"widget\" data-widget_type=\"image.default\">\n\t\t\t\t<div class=\"elementor-widget-container\">\n\t\t\t\t\t\t\t\t\t\t\t\t\t\t\t<img fetchpriority=\"high\" decoding=\"async\" width=\"1024\" height=\"575\" src=\"https:\/\/zerraticdesign.com\/wp-content\/uploads\/2023\/01\/Kala_zugelj_podpis-1024x575.png\" class=\"attachment-large size-large wp-image-665\" alt=\"\" srcset=\"https:\/\/zerraticdesign.com\/wp-content\/uploads\/2023\/01\/Kala_zugelj_podpis-1024x575.png 1024w, https:\/\/zerraticdesign.com\/wp-content\/uploads\/2023\/01\/Kala_zugelj_podpis-300x168.png 300w, https:\/\/zerraticdesign.com\/wp-content\/uploads\/2023\/01\/Kala_zugelj_podpis-768x431.png 768w, https:\/\/zerraticdesign.com\/wp-content\/uploads\/2023\/01\/Kala_zugelj_podpis.png 1145w\" sizes=\"(max-width: 1024px) 100vw, 1024px\" \/>\t\t\t\t\t\t\t\t\t\t\t\t\t\t\t<\/div>\n\t\t\t\t<\/div>\n\t\t\t\t\t<\/div>\n\t\t\t\t<\/div>\n\t\t\t\t<\/div>\n\t\t<div class=\"elementor-element elementor-element-3af09e4f e-con-full e-flex e-con e-parent\" data-id=\"3af09e4f\" data-element_type=\"container\" data-e-type=\"container\">\n\t\t\t\t<div class=\"elementor-element elementor-element-47ca4a43 elementor-widget elementor-widget-image\" data-id=\"47ca4a43\" data-element_type=\"widget\" data-e-type=\"widget\" data-widget_type=\"image.default\">\n\t\t\t\t<div class=\"elementor-widget-container\">\n\t\t\t\t\t\t\t\t\t\t\t\t\t\t\t<img decoding=\"async\" width=\"791\" height=\"1024\" src=\"https:\/\/zerraticdesign.com\/wp-content\/uploads\/2023\/01\/NIC_7676_-791x1024-1.jpg\" class=\"attachment-large size-large wp-image-664\" alt=\"\" srcset=\"https:\/\/zerraticdesign.com\/wp-content\/uploads\/2023\/01\/NIC_7676_-791x1024-1.jpg 791w, https:\/\/zerraticdesign.com\/wp-content\/uploads\/2023\/01\/NIC_7676_-791x1024-1-232x300.jpg 232w, https:\/\/zerraticdesign.com\/wp-content\/uploads\/2023\/01\/NIC_7676_-791x1024-1-768x994.jpg 768w\" sizes=\"(max-width: 791px) 100vw, 791px\" \/>\t\t\t\t\t\t\t\t\t\t\t\t\t\t\t<\/div>\n\t\t\t\t<\/div>\n\t\t\t\t<div class=\"elementor-element elementor-element-49b5aa14 elementor-widget elementor-widget-text-editor\" data-id=\"49b5aa14\" data-element_type=\"widget\" data-e-type=\"widget\" data-widget_type=\"text-editor.default\">\n\t\t\t\t<div class=\"elementor-widget-container\">\n\t\t\t\t\t\t\t\t\t<p>Kaja \u017dugelj, Leiterin<\/p>\t\t\t\t\t\t\t\t<\/div>\n\t\t\t\t<\/div>\n\t\t\t\t<\/div>\n\t\t\t\t\t<\/div>\n\t\t\t\t<\/div>\n\t\t\t\t<\/div>\n\t\t","protected":false},"excerpt":{"rendered":"<p>\u00dcBER UNS Wir bieten einen umfassenden Designprozess, sowohl von privaten als auch von gesch\u00e4ftlichen Einrichtungen. Dabei bieten wir unseren Kunden Unterst\u00fctzung und Beratung. Wir arbeiten mit externen Auftragnehmern zusammen und bringen sehr gern und mit Stolz slowenische sowie ausl\u00e4ndische Designprodukte in die Raumgestaltung ein. ZEDesign ist ein auf Innenarchitektur spezialisiertes Designstudio Kaja \u017dugelj, Leiterin<\/p>\n","protected":false},"author":1,"featured_media":0,"parent":0,"menu_order":0,"comment_status":"closed","ping_status":"closed","template":"elementor_header_footer","meta":{"site-sidebar-layout":"no-sidebar","site-content-layout":"page-builder","ast-site-content-layout":"default","site-content-style":"default","site-sidebar-style":"default","ast-global-header-display":"","ast-banner-title-visibility":"","ast-main-header-display":"","ast-hfb-above-header-display":"","ast-hfb-below-header-display":"","ast-hfb-mobile-header-display":"","site-post-title":"disabled","ast-breadcrumbs-content":"","ast-featured-img":"disabled","footer-sml-layout":"","ast-disable-related-posts":"","theme-transparent-header-meta":"","adv-header-id-meta":"","stick-header-meta":"","header-above-stick-meta":"","header-main-stick-meta":"","header-below-stick-meta":"","astra-migrate-meta-layouts":"default","ast-page-background-enabled":"default","ast-page-background-meta":{"desktop":{"background-color":"var(--ast-global-color-4)","background-image":"","background-repeat":"repeat","background-position":"center center","background-size":"auto","background-attachment":"scroll","background-type":"","background-media":"","overlay-type":"","overlay-color":"","overlay-opacity":"","overlay-gradient":""},"tablet":{"background-color":"","background-image":"","background-repeat":"repeat","background-position":"center center","background-size":"auto","background-attachment":"scroll","background-type":"","background-media":"","overlay-type":"","overlay-color":"","overlay-opacity":"","overlay-gradient":""},"mobile":{"background-color":"","background-image":"","background-repeat":"repeat","background-position":"center center","background-size":"auto","background-attachment":"scroll","background-type":"","background-media":"","overlay-type":"","overlay-color":"","overlay-opacity":"","overlay-gradient":""}},"ast-content-background-meta":{"desktop":{"background-color":"var(--ast-global-color-5)","background-image":"","background-repeat":"repeat","background-position":"center center","background-size":"auto","background-attachment":"scroll","background-type":"","background-media":"","overlay-type":"","overlay-color":"","overlay-opacity":"","overlay-gradient":""},"tablet":{"background-color":"var(--ast-global-color-5)","background-image":"","background-repeat":"repeat","background-position":"center center","background-size":"auto","background-attachment":"scroll","background-type":"","background-media":"","overlay-type":"","overlay-color":"","overlay-opacity":"","overlay-gradient":""},"mobile":{"background-color":"var(--ast-global-color-5)","background-image":"","background-repeat":"repeat","background-position":"center center","background-size":"auto","background-attachment":"scroll","background-type":"","background-media":"","overlay-type":"","overlay-color":"","overlay-opacity":"","overlay-gradient":""}},"footnotes":""},"class_list":["post-689","page","type-page","status-publish","hentry"],"yoast_head":"<!-- This site is optimized with the Yoast SEO plugin v26.9 - https:\/\/yoast.com\/product\/yoast-seo-wordpress\/ -->\n<title>\u00dcBER UNS - ZUGELJ ERRATIC DESIGN<\/title>\n<meta name=\"description\" content=\"Wir arbeiten mit externen Auftragnehmern zusammen und bringen sehr gern und mit Stolz slowenische sowie ausl\u00e4ndische Designprodukte in\" \/>\n<meta name=\"robots\" content=\"index, follow, max-snippet:-1, max-image-preview:large, max-video-preview:-1\" \/>\n<link rel=\"canonical\" href=\"https:\/\/zerraticdesign.com\/de\/uber-uns\/\" \/>\n<meta property=\"og:locale\" content=\"de_DE\" \/>\n<meta property=\"og:type\" content=\"article\" \/>\n<meta property=\"og:title\" content=\"\u00dcBER UNS - ZUGELJ ERRATIC DESIGN\" \/>\n<meta property=\"og:description\" content=\"Wir arbeiten mit externen Auftragnehmern zusammen und bringen sehr gern und mit Stolz slowenische sowie ausl\u00e4ndische Designprodukte in\" \/>\n<meta property=\"og:url\" content=\"https:\/\/zerraticdesign.com\/de\/uber-uns\/\" \/>\n<meta property=\"og:site_name\" content=\"ZUGELJ ERRATIC DESIGN\" \/>\n<meta property=\"article:publisher\" content=\"https:\/\/www.facebook.com\/profile.php?id=100076819134364\" \/>\n<meta property=\"article:modified_time\" content=\"2023-01-24T09:02:03+00:00\" \/>\n<meta property=\"og:image\" content=\"https:\/\/zerraticdesign.com\/wp-content\/uploads\/2023\/01\/Kala_zugelj_podpis-1024x575.png\" \/>\n<meta name=\"twitter:card\" content=\"summary_large_image\" \/>\n<meta name=\"twitter:label1\" content=\"Gesch\u00e4tzte Lesezeit\" \/>\n\t<meta name=\"twitter:data1\" content=\"1\u00a0Minute\" \/>\n<script type=\"application\/ld+json\" class=\"yoast-schema-graph\">{\"@context\":\"https:\/\/schema.org\",\"@graph\":[{\"@type\":\"WebPage\",\"@id\":\"https:\/\/zerraticdesign.com\/de\/uber-uns\/\",\"url\":\"https:\/\/zerraticdesign.com\/de\/uber-uns\/\",\"name\":\"\u00dcBER UNS - ZUGELJ ERRATIC DESIGN\",\"isPartOf\":{\"@id\":\"https:\/\/zerraticdesign.com\/#website\"},\"primaryImageOfPage\":{\"@id\":\"https:\/\/zerraticdesign.com\/de\/uber-uns\/#primaryimage\"},\"image\":{\"@id\":\"https:\/\/zerraticdesign.com\/de\/uber-uns\/#primaryimage\"},\"thumbnailUrl\":\"https:\/\/zerraticdesign.com\/wp-content\/uploads\/2023\/01\/Kala_zugelj_podpis-1024x575.png\",\"datePublished\":\"2023-01-10T20:16:11+00:00\",\"dateModified\":\"2023-01-24T09:02:03+00:00\",\"description\":\"Wir arbeiten mit externen Auftragnehmern zusammen und bringen sehr gern und mit Stolz slowenische sowie ausl\u00e4ndische Designprodukte in\",\"breadcrumb\":{\"@id\":\"https:\/\/zerraticdesign.com\/de\/uber-uns\/#breadcrumb\"},\"inLanguage\":\"de\",\"potentialAction\":[{\"@type\":\"ReadAction\",\"target\":[\"https:\/\/zerraticdesign.com\/de\/uber-uns\/\"]}]},{\"@type\":\"ImageObject\",\"inLanguage\":\"de\",\"@id\":\"https:\/\/zerraticdesign.com\/de\/uber-uns\/#primaryimage\",\"url\":\"https:\/\/zerraticdesign.com\/wp-content\/uploads\/2023\/01\/Kala_zugelj_podpis-1024x575.png\",\"contentUrl\":\"https:\/\/zerraticdesign.com\/wp-content\/uploads\/2023\/01\/Kala_zugelj_podpis-1024x575.png\"},{\"@type\":\"BreadcrumbList\",\"@id\":\"https:\/\/zerraticdesign.com\/de\/uber-uns\/#breadcrumb\",\"itemListElement\":[{\"@type\":\"ListItem\",\"position\":1,\"name\":\"Home\",\"item\":\"https:\/\/zerraticdesign.com\/de\/\"},{\"@type\":\"ListItem\",\"position\":2,\"name\":\"\u00dcBER UNS\"}]},{\"@type\":\"WebSite\",\"@id\":\"https:\/\/zerraticdesign.com\/#website\",\"url\":\"https:\/\/zerraticdesign.com\/\",\"name\":\"ZUGELJ ERRATIC DESIGN\",\"description\":\"Interior decoration and design\",\"publisher\":{\"@id\":\"https:\/\/zerraticdesign.com\/#organization\"},\"potentialAction\":[{\"@type\":\"SearchAction\",\"target\":{\"@type\":\"EntryPoint\",\"urlTemplate\":\"https:\/\/zerraticdesign.com\/?s={search_term_string}\"},\"query-input\":{\"@type\":\"PropertyValueSpecification\",\"valueRequired\":true,\"valueName\":\"search_term_string\"}}],\"inLanguage\":\"de\"},{\"@type\":\"Organization\",\"@id\":\"https:\/\/zerraticdesign.com\/#organization\",\"name\":\"ZUGELJ ERRATIC DESIGN\",\"url\":\"https:\/\/zerraticdesign.com\/\",\"logo\":{\"@type\":\"ImageObject\",\"inLanguage\":\"de\",\"@id\":\"https:\/\/zerraticdesign.com\/#\/schema\/logo\/image\/\",\"url\":\"https:\/\/zerraticdesign.com\/wp-content\/uploads\/2023\/01\/Kaja_vizitka_osnutek-1.png\",\"contentUrl\":\"https:\/\/zerraticdesign.com\/wp-content\/uploads\/2023\/01\/Kaja_vizitka_osnutek-1.png\",\"width\":1004,\"height\":650,\"caption\":\"ZUGELJ ERRATIC DESIGN\"},\"image\":{\"@id\":\"https:\/\/zerraticdesign.com\/#\/schema\/logo\/image\/\"},\"sameAs\":[\"https:\/\/www.facebook.com\/profile.php?id=100076819134364\",\"https:\/\/www.instagram.com\/zugeljerraticdesign\/\"]}]}<\/script>\n<!-- \/ Yoast SEO plugin. -->","yoast_head_json":{"title":"\u00dcBER UNS - ZUGELJ ERRATIC DESIGN","description":"Wir arbeiten mit externen Auftragnehmern zusammen und bringen sehr gern und mit Stolz slowenische sowie ausl\u00e4ndische Designprodukte in","robots":{"index":"index","follow":"follow","max-snippet":"max-snippet:-1","max-image-preview":"max-image-preview:large","max-video-preview":"max-video-preview:-1"},"canonical":"https:\/\/zerraticdesign.com\/de\/uber-uns\/","og_locale":"de_DE","og_type":"article","og_title":"\u00dcBER UNS - ZUGELJ ERRATIC DESIGN","og_description":"Wir arbeiten mit externen Auftragnehmern zusammen und bringen sehr gern und mit Stolz slowenische sowie ausl\u00e4ndische Designprodukte in","og_url":"https:\/\/zerraticdesign.com\/de\/uber-uns\/","og_site_name":"ZUGELJ ERRATIC DESIGN","article_publisher":"https:\/\/www.facebook.com\/profile.php?id=100076819134364","article_modified_time":"2023-01-24T09:02:03+00:00","og_image":[{"url":"https:\/\/zerraticdesign.com\/wp-content\/uploads\/2023\/01\/Kala_zugelj_podpis-1024x575.png","type":"","width":"","height":""}],"twitter_card":"summary_large_image","twitter_misc":{"Gesch\u00e4tzte Lesezeit":"1\u00a0Minute"},"schema":{"@context":"https:\/\/schema.org","@graph":[{"@type":"WebPage","@id":"https:\/\/zerraticdesign.com\/de\/uber-uns\/","url":"https:\/\/zerraticdesign.com\/de\/uber-uns\/","name":"\u00dcBER UNS - ZUGELJ ERRATIC DESIGN","isPartOf":{"@id":"https:\/\/zerraticdesign.com\/#website"},"primaryImageOfPage":{"@id":"https:\/\/zerraticdesign.com\/de\/uber-uns\/#primaryimage"},"image":{"@id":"https:\/\/zerraticdesign.com\/de\/uber-uns\/#primaryimage"},"thumbnailUrl":"https:\/\/zerraticdesign.com\/wp-content\/uploads\/2023\/01\/Kala_zugelj_podpis-1024x575.png","datePublished":"2023-01-10T20:16:11+00:00","dateModified":"2023-01-24T09:02:03+00:00","description":"Wir arbeiten mit externen Auftragnehmern zusammen und bringen sehr gern und mit Stolz slowenische sowie ausl\u00e4ndische Designprodukte in","breadcrumb":{"@id":"https:\/\/zerraticdesign.com\/de\/uber-uns\/#breadcrumb"},"inLanguage":"de","potentialAction":[{"@type":"ReadAction","target":["https:\/\/zerraticdesign.com\/de\/uber-uns\/"]}]},{"@type":"ImageObject","inLanguage":"de","@id":"https:\/\/zerraticdesign.com\/de\/uber-uns\/#primaryimage","url":"https:\/\/zerraticdesign.com\/wp-content\/uploads\/2023\/01\/Kala_zugelj_podpis-1024x575.png","contentUrl":"https:\/\/zerraticdesign.com\/wp-content\/uploads\/2023\/01\/Kala_zugelj_podpis-1024x575.png"},{"@type":"BreadcrumbList","@id":"https:\/\/zerraticdesign.com\/de\/uber-uns\/#breadcrumb","itemListElement":[{"@type":"ListItem","position":1,"name":"Home","item":"https:\/\/zerraticdesign.com\/de\/"},{"@type":"ListItem","position":2,"name":"\u00dcBER UNS"}]},{"@type":"WebSite","@id":"https:\/\/zerraticdesign.com\/#website","url":"https:\/\/zerraticdesign.com\/","name":"ZUGELJ ERRATIC DESIGN","description":"Interior decoration and design","publisher":{"@id":"https:\/\/zerraticdesign.com\/#organization"},"potentialAction":[{"@type":"SearchAction","target":{"@type":"EntryPoint","urlTemplate":"https:\/\/zerraticdesign.com\/?s={search_term_string}"},"query-input":{"@type":"PropertyValueSpecification","valueRequired":true,"valueName":"search_term_string"}}],"inLanguage":"de"},{"@type":"Organization","@id":"https:\/\/zerraticdesign.com\/#organization","name":"ZUGELJ ERRATIC DESIGN","url":"https:\/\/zerraticdesign.com\/","logo":{"@type":"ImageObject","inLanguage":"de","@id":"https:\/\/zerraticdesign.com\/#\/schema\/logo\/image\/","url":"https:\/\/zerraticdesign.com\/wp-content\/uploads\/2023\/01\/Kaja_vizitka_osnutek-1.png","contentUrl":"https:\/\/zerraticdesign.com\/wp-content\/uploads\/2023\/01\/Kaja_vizitka_osnutek-1.png","width":1004,"height":650,"caption":"ZUGELJ ERRATIC DESIGN"},"image":{"@id":"https:\/\/zerraticdesign.com\/#\/schema\/logo\/image\/"},"sameAs":["https:\/\/www.facebook.com\/profile.php?id=100076819134364","https:\/\/www.instagram.com\/zugeljerraticdesign\/"]}]}},"_links":{"self":[{"href":"https:\/\/zerraticdesign.com\/de\/wp-json\/wp\/v2\/pages\/689","targetHints":{"allow":["GET"]}}],"collection":[{"href":"https:\/\/zerraticdesign.com\/de\/wp-json\/wp\/v2\/pages"}],"about":[{"href":"https:\/\/zerraticdesign.com\/de\/wp-json\/wp\/v2\/types\/page"}],"author":[{"embeddable":true,"href":"https:\/\/zerraticdesign.com\/de\/wp-json\/wp\/v2\/users\/1"}],"replies":[{"embeddable":true,"href":"https:\/\/zerraticdesign.com\/de\/wp-json\/wp\/v2\/comments?post=689"}],"version-history":[{"count":15,"href":"https:\/\/zerraticdesign.com\/de\/wp-json\/wp\/v2\/pages\/689\/revisions"}],"predecessor-version":[{"id":1268,"href":"https:\/\/zerraticdesign.com\/de\/wp-json\/wp\/v2\/pages\/689\/revisions\/1268"}],"wp:attachment":[{"href":"https:\/\/zerraticdesign.com\/de\/wp-json\/wp\/v2\/media?parent=689"}],"curies":[{"name":"wp","href":"https:\/\/api.w.org\/{rel}","templated":true}]}}